{"id":912,"date":"2025-04-25T10:55:13","date_gmt":"2025-04-25T08:55:13","guid":{"rendered":"https:\/\/pakpolmlawa.pl\/strona-glowna\/"},"modified":"2025-07-23T15:21:35","modified_gmt":"2025-07-23T13:21:35","slug":"strona-glowna","status":"publish","type":"page","link":"https:\/\/pakpolmlawa.pl\/fr\/","title":{"rendered":"Page d&rsquo;accueil"},"content":{"rendered":"\n<p id=\"tw-target-text\"><\/p>\n","protected":false},"excerpt":{"rendered":"","protected":false},"author":1,"featured_media":883,"parent":0,"menu_order":0,"comment_status":"closed","ping_status":"closed","template":"template-home.php","meta":{"_acf_changed":false,"footnotes":""},"class_list":["post-912","page","type-page","status-publish","has-post-thumbnail","hentry"],"acf":[],"yoast_head":"<!-- This site is optimized with the Yoast SEO plugin v27.2 - https:\/\/yoast.com\/product\/yoast-seo-wordpress\/ -->\n<title>Handel drewnem, sprzeda\u017c drewna opa\u0142owego, produkcja palet<\/title>\n<meta name=\"description\" content=\"Solidne palety, drewno opa\u0142owe i profesjonalny transport. PAK-POL \u2013 sprawdzony dostawca z do\u015bwiadczeniem.\" \/>\n<meta name=\"robots\" content=\"index, follow, max-snippet:-1, max-image-preview:large, max-video-preview:-1\" \/>\n<link rel=\"canonical\" href=\"https:\/\/pakpolmlawa.pl\/fr\/\" \/>\n<meta property=\"og:locale\" content=\"fr_FR\" \/>\n<meta property=\"og:type\" content=\"article\" \/>\n<meta property=\"og:title\" content=\"Handel drewnem, sprzeda\u017c drewna opa\u0142owego, produkcja palet\" \/>\n<meta property=\"og:description\" content=\"Solidne palety, drewno opa\u0142owe i profesjonalny transport. PAK-POL \u2013 sprawdzony dostawca z do\u015bwiadczeniem.\" \/>\n<meta property=\"og:url\" content=\"https:\/\/pakpolmlawa.pl\/fr\/\" \/>\n<meta property=\"og:site_name\" content=\"Pak Pol\" \/>\n<meta property=\"article:modified_time\" content=\"2025-07-23T13:21:35+00:00\" \/>\n<meta property=\"og:image\" content=\"https:\/\/pakpolmlawa.pl\/wp-content\/uploads\/2025\/05\/pakpol_opengraph.png\" \/>\n\t<meta property=\"og:image:width\" content=\"1200\" \/>\n\t<meta property=\"og:image:height\" content=\"630\" \/>\n\t<meta property=\"og:image:type\" content=\"image\/png\" \/>\n<meta name=\"twitter:card\" content=\"summary_large_image\" \/>\n<meta name=\"twitter:label1\" content=\"Dur\u00e9e de lecture estim\u00e9e\" \/>\n\t<meta name=\"twitter:data1\" content=\"1 minute\" \/>\n<script type=\"application\/ld+json\" class=\"yoast-schema-graph\">{\"@context\":\"https:\/\/schema.org\",\"@graph\":[{\"@type\":\"WebPage\",\"@id\":\"https:\/\/pakpolmlawa.pl\/fr\/\",\"url\":\"https:\/\/pakpolmlawa.pl\/fr\/\",\"name\":\"Handel drewnem, sprzeda\u017c drewna opa\u0142owego, produkcja palet\",\"isPartOf\":{\"@id\":\"https:\/\/pakpolmlawa.pl\/fr\/#website\"},\"primaryImageOfPage\":{\"@id\":\"https:\/\/pakpolmlawa.pl\/fr\/#primaryimage\"},\"image\":{\"@id\":\"https:\/\/pakpolmlawa.pl\/fr\/#primaryimage\"},\"thumbnailUrl\":\"https:\/\/pakpolmlawa.pl\/wp-content\/uploads\/2025\/06\/IMG_0118.heic\",\"datePublished\":\"2025-04-25T08:55:13+00:00\",\"dateModified\":\"2025-07-23T13:21:35+00:00\",\"description\":\"Solidne palety, drewno opa\u0142owe i profesjonalny transport. PAK-POL \u2013 sprawdzony dostawca z do\u015bwiadczeniem.\",\"breadcrumb\":{\"@id\":\"https:\/\/pakpolmlawa.pl\/fr\/#breadcrumb\"},\"inLanguage\":\"fr-FR\",\"potentialAction\":[{\"@type\":\"ReadAction\",\"target\":[\"https:\/\/pakpolmlawa.pl\/fr\/\"]}]},{\"@type\":\"ImageObject\",\"inLanguage\":\"fr-FR\",\"@id\":\"https:\/\/pakpolmlawa.pl\/fr\/#primaryimage\",\"url\":\"https:\/\/pakpolmlawa.pl\/wp-content\/uploads\/2025\/06\/IMG_0118.heic\",\"contentUrl\":\"https:\/\/pakpolmlawa.pl\/wp-content\/uploads\/2025\/06\/IMG_0118.heic\"},{\"@type\":\"BreadcrumbList\",\"@id\":\"https:\/\/pakpolmlawa.pl\/fr\/#breadcrumb\",\"itemListElement\":[{\"@type\":\"ListItem\",\"position\":1,\"name\":\"Strona g\u0142\u00f3wna\",\"item\":\"https:\/\/pakpolmlawa.pl\/fr\/\"},{\"@type\":\"ListItem\",\"position\":2,\"name\":\"Page d&#8217;accueil\"}]},{\"@type\":\"WebSite\",\"@id\":\"https:\/\/pakpolmlawa.pl\/fr\/#website\",\"url\":\"https:\/\/pakpolmlawa.pl\/fr\/\",\"name\":\"Pak Pol\",\"description\":\"\",\"publisher\":{\"@id\":\"https:\/\/pakpolmlawa.pl\/fr\/#organization\"},\"potentialAction\":[{\"@type\":\"SearchAction\",\"target\":{\"@type\":\"EntryPoint\",\"urlTemplate\":\"https:\/\/pakpolmlawa.pl\/fr\/?s={search_term_string}\"},\"query-input\":{\"@type\":\"PropertyValueSpecification\",\"valueRequired\":true,\"valueName\":\"search_term_string\"}}],\"inLanguage\":\"fr-FR\"},{\"@type\":\"Organization\",\"@id\":\"https:\/\/pakpolmlawa.pl\/fr\/#organization\",\"name\":\"Pak Pol\",\"url\":\"https:\/\/pakpolmlawa.pl\/fr\/\",\"logo\":{\"@type\":\"ImageObject\",\"inLanguage\":\"fr-FR\",\"@id\":\"https:\/\/pakpolmlawa.pl\/fr\/#\/schema\/logo\/image\/\",\"url\":\"https:\/\/pakpolmlawa.pl\/wp-content\/uploads\/2025\/05\/pakpol-logo-nowe-biale.svg\",\"contentUrl\":\"https:\/\/pakpolmlawa.pl\/wp-content\/uploads\/2025\/05\/pakpol-logo-nowe-biale.svg\",\"caption\":\"Pak Pol\"},\"image\":{\"@id\":\"https:\/\/pakpolmlawa.pl\/fr\/#\/schema\/logo\/image\/\"}}]}<\/script>\n<!-- \/ Yoast SEO plugin. -->","yoast_head_json":{"title":"Handel drewnem, sprzeda\u017c drewna opa\u0142owego, produkcja palet","description":"Solidne palety, drewno opa\u0142owe i profesjonalny transport. PAK-POL \u2013 sprawdzony dostawca z do\u015bwiadczeniem.","robots":{"index":"index","follow":"follow","max-snippet":"max-snippet:-1","max-image-preview":"max-image-preview:large","max-video-preview":"max-video-preview:-1"},"canonical":"https:\/\/pakpolmlawa.pl\/fr\/","og_locale":"fr_FR","og_type":"article","og_title":"Handel drewnem, sprzeda\u017c drewna opa\u0142owego, produkcja palet","og_description":"Solidne palety, drewno opa\u0142owe i profesjonalny transport. PAK-POL \u2013 sprawdzony dostawca z do\u015bwiadczeniem.","og_url":"https:\/\/pakpolmlawa.pl\/fr\/","og_site_name":"Pak Pol","article_modified_time":"2025-07-23T13:21:35+00:00","og_image":[{"width":1200,"height":630,"url":"https:\/\/pakpolmlawa.pl\/wp-content\/uploads\/2025\/05\/pakpol_opengraph.png","type":"image\/png"}],"twitter_card":"summary_large_image","twitter_misc":{"Dur\u00e9e de lecture estim\u00e9e":"1 minute"},"schema":{"@context":"https:\/\/schema.org","@graph":[{"@type":"WebPage","@id":"https:\/\/pakpolmlawa.pl\/fr\/","url":"https:\/\/pakpolmlawa.pl\/fr\/","name":"Handel drewnem, sprzeda\u017c drewna opa\u0142owego, produkcja palet","isPartOf":{"@id":"https:\/\/pakpolmlawa.pl\/fr\/#website"},"primaryImageOfPage":{"@id":"https:\/\/pakpolmlawa.pl\/fr\/#primaryimage"},"image":{"@id":"https:\/\/pakpolmlawa.pl\/fr\/#primaryimage"},"thumbnailUrl":"https:\/\/pakpolmlawa.pl\/wp-content\/uploads\/2025\/06\/IMG_0118.heic","datePublished":"2025-04-25T08:55:13+00:00","dateModified":"2025-07-23T13:21:35+00:00","description":"Solidne palety, drewno opa\u0142owe i profesjonalny transport. PAK-POL \u2013 sprawdzony dostawca z do\u015bwiadczeniem.","breadcrumb":{"@id":"https:\/\/pakpolmlawa.pl\/fr\/#breadcrumb"},"inLanguage":"fr-FR","potentialAction":[{"@type":"ReadAction","target":["https:\/\/pakpolmlawa.pl\/fr\/"]}]},{"@type":"ImageObject","inLanguage":"fr-FR","@id":"https:\/\/pakpolmlawa.pl\/fr\/#primaryimage","url":"https:\/\/pakpolmlawa.pl\/wp-content\/uploads\/2025\/06\/IMG_0118.heic","contentUrl":"https:\/\/pakpolmlawa.pl\/wp-content\/uploads\/2025\/06\/IMG_0118.heic"},{"@type":"BreadcrumbList","@id":"https:\/\/pakpolmlawa.pl\/fr\/#breadcrumb","itemListElement":[{"@type":"ListItem","position":1,"name":"Strona g\u0142\u00f3wna","item":"https:\/\/pakpolmlawa.pl\/fr\/"},{"@type":"ListItem","position":2,"name":"Page d&#8217;accueil"}]},{"@type":"WebSite","@id":"https:\/\/pakpolmlawa.pl\/fr\/#website","url":"https:\/\/pakpolmlawa.pl\/fr\/","name":"Pak Pol","description":"","publisher":{"@id":"https:\/\/pakpolmlawa.pl\/fr\/#organization"},"potentialAction":[{"@type":"SearchAction","target":{"@type":"EntryPoint","urlTemplate":"https:\/\/pakpolmlawa.pl\/fr\/?s={search_term_string}"},"query-input":{"@type":"PropertyValueSpecification","valueRequired":true,"valueName":"search_term_string"}}],"inLanguage":"fr-FR"},{"@type":"Organization","@id":"https:\/\/pakpolmlawa.pl\/fr\/#organization","name":"Pak Pol","url":"https:\/\/pakpolmlawa.pl\/fr\/","logo":{"@type":"ImageObject","inLanguage":"fr-FR","@id":"https:\/\/pakpolmlawa.pl\/fr\/#\/schema\/logo\/image\/","url":"https:\/\/pakpolmlawa.pl\/wp-content\/uploads\/2025\/05\/pakpol-logo-nowe-biale.svg","contentUrl":"https:\/\/pakpolmlawa.pl\/wp-content\/uploads\/2025\/05\/pakpol-logo-nowe-biale.svg","caption":"Pak Pol"},"image":{"@id":"https:\/\/pakpolmlawa.pl\/fr\/#\/schema\/logo\/image\/"}}]}},"_links":{"self":[{"href":"https:\/\/pakpolmlawa.pl\/fr\/wp-json\/wp\/v2\/pages\/912","targetHints":{"allow":["GET"]}}],"collection":[{"href":"https:\/\/pakpolmlawa.pl\/fr\/wp-json\/wp\/v2\/pages"}],"about":[{"href":"https:\/\/pakpolmlawa.pl\/fr\/wp-json\/wp\/v2\/types\/page"}],"author":[{"embeddable":true,"href":"https:\/\/pakpolmlawa.pl\/fr\/wp-json\/wp\/v2\/users\/1"}],"replies":[{"embeddable":true,"href":"https:\/\/pakpolmlawa.pl\/fr\/wp-json\/wp\/v2\/comments?post=912"}],"version-history":[{"count":4,"href":"https:\/\/pakpolmlawa.pl\/fr\/wp-json\/wp\/v2\/pages\/912\/revisions"}],"predecessor-version":[{"id":1091,"href":"https:\/\/pakpolmlawa.pl\/fr\/wp-json\/wp\/v2\/pages\/912\/revisions\/1091"}],"wp:featuredmedia":[{"embeddable":true,"href":"https:\/\/pakpolmlawa.pl\/fr\/wp-json\/wp\/v2\/media\/883"}],"wp:attachment":[{"href":"https:\/\/pakpolmlawa.pl\/fr\/wp-json\/wp\/v2\/media?parent=912"}],"curies":[{"name":"wp","href":"https:\/\/api.w.org\/{rel}","templated":true}]}}