{"id":825,"date":"2025-05-26T09:10:25","date_gmt":"2025-05-26T07:10:25","guid":{"rendered":"https:\/\/pakpolmlawa.pl\/?page_id=825"},"modified":"2025-05-26T11:27:39","modified_gmt":"2025-05-26T09:27:39","slug":"financement","status":"publish","type":"page","link":"https:\/\/pakpolmlawa.pl\/fr\/financement\/","title":{"rendered":"Financement"},"content":{"rendered":"\n<figure class=\"wp-block-image size-full\"><img loading=\"lazy\" decoding=\"async\" width=\"242\" height=\"238\" src=\"https:\/\/pakpolmlawa.pl\/wp-content\/uploads\/2025\/05\/dofinansowanie.png\" alt=\"\" class=\"wp-image-802\"\/><\/figure>\n\n\n\n<h3 class=\"wp-block-heading\"><strong>PAK-POL \u2013 Bois de Chauffage et Emballages en Bois<\/strong><\/h3>\n\n\n\n<p><strong>PAK-POL<\/strong> est une entreprise exp\u00e9riment\u00e9e avec de nombreuses ann\u00e9es d&rsquo;expertise dans l&rsquo;industrie du bois.<\/p>\n\n\n\n<h3 class=\"wp-block-heading\"><strong>Notre Offre<\/strong><\/h3>\n\n\n\n<ul class=\"wp-block-list\">\n<li>Bois rond<\/li>\n\n\n\n<li>Palettes en bois<\/li>\n\n\n\n<li>\u00c9corce<\/li>\n\n\n\n<li>Copeaux de bois pour l&rsquo;industrie papeti\u00e8re<\/li>\n\n\n\n<li>Biomasse<\/li>\n<\/ul>\n\n\n\n<p>Nous assurons le transport et la livraison du bois dans toute la Pologne.<\/p>\n\n\n\n<p>Nos produits proviennent de for\u00eats certifi\u00e9es, garantissant une qualit\u00e9 sup\u00e9rieure et une origine l\u00e9gale.<\/p>\n\n\n\n<h3 class=\"wp-block-heading\"><strong>Coordonn\u00e9es<\/strong><\/h3>\n\n\n\n<p><strong>E-mail :<\/strong> <a>biuro@pakpolmlawa.pl<\/a><br><strong>T\u00e9l\u00e9phone :<\/strong> +48 798 368 493<\/p>\n\n\n\n<figure class=\"wp-block-image size-large\"><img loading=\"lazy\" decoding=\"async\" width=\"1024\" height=\"152\" src=\"https:\/\/pakpolmlawa.pl\/wp-content\/uploads\/2025\/05\/baner1-1024x152.png\" alt=\"\" class=\"wp-image-798\" srcset=\"https:\/\/pakpolmlawa.pl\/wp-content\/uploads\/2025\/05\/baner1-1024x152.png 1024w, https:\/\/pakpolmlawa.pl\/wp-content\/uploads\/2025\/05\/baner1-450x67.png 450w, https:\/\/pakpolmlawa.pl\/wp-content\/uploads\/2025\/05\/baner1-768x114.png 768w, https:\/\/pakpolmlawa.pl\/wp-content\/uploads\/2025\/05\/baner1.png 1237w\" sizes=\"auto, (max-width: 1024px) 100vw, 1024px\" \/><\/figure>\n\n\n\n<h3 class=\"wp-block-heading\"><strong>MARTA MIZERSKA PPHU \u00ab\u00a0PAK-POL\u00a0\u00bb<\/strong><\/h3>\n\n\n\n<p>met en \u0153uvre un projet cofinanc\u00e9 par les Fonds europ\u00e9ens pour la Pologne orientale 2021\u20132027,<br><strong>Priorit\u00e9 :<\/strong> Entrepreneuriat et Innovation<br><strong>Mesure :<\/strong> Automatisation et robotisation dans les PME<\/p>\n\n\n\n<p><strong>Titre du projet :<\/strong><br>\u00ab Automatisation et robotisation des processus technologiques, de transport et de stockage dans l&rsquo;entreprise PAK-POL \u00bb<\/p>\n\n\n\n<h3 class=\"wp-block-heading\"><strong>Objectif du Projet<\/strong><\/h3>\n\n\n\n<p>L\u2019objectif du projet est de mettre en \u0153uvre des solutions visant \u00e0 transformer l\u2019entreprise MARTA MIZERSKA PPHU \u00ab\u00a0PAK-POL\u00a0\u00bb vers l\u2019Industrie 4.0.<\/p>\n\n\n\n<h3 class=\"wp-block-heading\"><strong>Actions Pr\u00e9vues<\/strong><\/h3>\n\n\n\n<ul class=\"wp-block-list\">\n<li>Achat d&rsquo;une ligne de tri des mati\u00e8res premi\u00e8res avec une unit\u00e9 d&rsquo;\u00e9cor\u00e7age<\/li>\n\n\n\n<li>Achat d\u2019un robot manipulateur pour faire pivoter et r\u00e9cup\u00e9rer les produits finis<\/li>\n<\/ul>\n\n\n\n<h3 class=\"wp-block-heading\"><strong>Groupes Cibles<\/strong><\/h3>\n\n\n\n<ul class=\"wp-block-list\">\n<li>Fabricants de composants en bois<\/li>\n\n\n\n<li>Entreprises de l&rsquo;industrie papeti\u00e8re<\/li>\n\n\n\n<li>Entreprises utilisant des emballages en bois pour la logistique et le transport de marchandises<\/li>\n\n\n\n<li>Entreprises du secteur horticole<\/li>\n<\/ul>\n\n\n\n<h3 class=\"wp-block-heading\"><strong>R\u00e9sultats Attendus<\/strong><\/h3>\n\n\n\n<ul class=\"wp-block-list\">\n<li>Am\u00e9lioration des processus de production pour une efficacit\u00e9 maximale, une plus grande flexibilit\u00e9 et une cr\u00e9ation de valeur par les op\u00e9rateurs de machines<\/li>\n\n\n\n<li>Augmentation des ventes et du chiffre d\u2019affaires de l\u2019entreprise<\/li>\n\n\n\n<li>R\u00e9duction des co\u00fbts de production unitaire<\/li>\n\n\n\n<li>R\u00e9duction des d\u00e9lais de production et d&rsquo;ex\u00e9cution des commandes<\/li>\n\n\n\n<li>Introduction de nouveaux produits dans l\u2019offre de l\u2019entreprise<\/li>\n<\/ul>\n\n\n\n<h3 class=\"wp-block-heading\"><strong>Dur\u00e9e du Projet<\/strong><\/h3>\n\n\n\n<p><strong>Date de d\u00e9but :<\/strong> 09\/11\/2023<br><strong>Date de fin :<\/strong> 31\/05\/2025<\/p>\n\n\n\n<h3 class=\"wp-block-heading\"><strong>Valeur du Projet<\/strong><\/h3>\n\n\n\n<p><strong>Montant total :<\/strong> 2 278 575,00 PLN<br><strong>Montant de la subvention :<\/strong> 1 114 500,00 PLN<\/p>\n\n\n\n<p><strong>#FondsUE #FondsEurop\u00e9ens<\/strong><\/p>\n","protected":false},"excerpt":{"rendered":"<p>PAK-POL \u2013 Bois de Chauffage et Emballages en Bois PAK-POL est une entreprise exp\u00e9riment\u00e9e avec de nombreuses ann\u00e9es d&rsquo;expertise dans l&rsquo;industrie du bois. Notre Offre Nous assurons le transport et la livraison du bois dans toute la Pologne. Nos produits proviennent de for\u00eats certifi\u00e9es, garantissant une qualit\u00e9 sup\u00e9rieure et une origine l\u00e9gale. Coordonn\u00e9es E-mail : [&hellip;]<\/p>\n","protected":false},"author":1,"featured_media":0,"parent":0,"menu_order":0,"comment_status":"closed","ping_status":"closed","template":"","meta":{"_acf_changed":false,"footnotes":""},"class_list":["post-825","page","type-page","status-publish","hentry"],"acf":[],"yoast_head":"<!-- This site is optimized with the Yoast SEO plugin v27.2 - https:\/\/yoast.com\/product\/yoast-seo-wordpress\/ -->\n<title>Financement - Pak Pol<\/title>\n<meta name=\"robots\" content=\"index, follow, max-snippet:-1, max-image-preview:large, max-video-preview:-1\" \/>\n<link rel=\"canonical\" href=\"https:\/\/pakpolmlawa.pl\/fr\/financement\/\" \/>\n<meta property=\"og:locale\" content=\"fr_FR\" \/>\n<meta property=\"og:type\" content=\"article\" \/>\n<meta property=\"og:title\" content=\"Financement - Pak Pol\" \/>\n<meta property=\"og:description\" content=\"PAK-POL \u2013 Bois de Chauffage et Emballages en Bois PAK-POL est une entreprise exp\u00e9riment\u00e9e avec de nombreuses ann\u00e9es d&rsquo;expertise dans l&rsquo;industrie du bois. Notre Offre Nous assurons le transport et la livraison du bois dans toute la Pologne. Nos produits proviennent de for\u00eats certifi\u00e9es, garantissant une qualit\u00e9 sup\u00e9rieure et une origine l\u00e9gale. Coordonn\u00e9es E-mail : [&hellip;]\" \/>\n<meta property=\"og:url\" content=\"https:\/\/pakpolmlawa.pl\/fr\/financement\/\" \/>\n<meta property=\"og:site_name\" content=\"Pak Pol\" \/>\n<meta property=\"article:modified_time\" content=\"2025-05-26T09:27:39+00:00\" \/>\n<meta property=\"og:image\" content=\"https:\/\/pakpolmlawa.pl\/wp-content\/uploads\/2025\/05\/dofinansowanie.png\" \/>\n\t<meta property=\"og:image:width\" content=\"242\" \/>\n\t<meta property=\"og:image:height\" content=\"238\" \/>\n\t<meta property=\"og:image:type\" content=\"image\/png\" \/>\n<meta name=\"twitter:card\" content=\"summary_large_image\" \/>\n<meta name=\"twitter:label1\" content=\"Dur\u00e9e de lecture estim\u00e9e\" \/>\n\t<meta name=\"twitter:data1\" content=\"3 minutes\" \/>\n<script type=\"application\/ld+json\" class=\"yoast-schema-graph\">{\"@context\":\"https:\/\/schema.org\",\"@graph\":[{\"@type\":\"WebPage\",\"@id\":\"https:\/\/pakpolmlawa.pl\/fr\/financement\/\",\"url\":\"https:\/\/pakpolmlawa.pl\/fr\/financement\/\",\"name\":\"Financement - Pak Pol\",\"isPartOf\":{\"@id\":\"https:\/\/pakpolmlawa.pl\/fr\/#website\"},\"primaryImageOfPage\":{\"@id\":\"https:\/\/pakpolmlawa.pl\/fr\/financement\/#primaryimage\"},\"image\":{\"@id\":\"https:\/\/pakpolmlawa.pl\/fr\/financement\/#primaryimage\"},\"thumbnailUrl\":\"https:\/\/pakpolmlawa.pl\/wp-content\/uploads\/2025\/05\/dofinansowanie.png\",\"datePublished\":\"2025-05-26T07:10:25+00:00\",\"dateModified\":\"2025-05-26T09:27:39+00:00\",\"breadcrumb\":{\"@id\":\"https:\/\/pakpolmlawa.pl\/fr\/financement\/#breadcrumb\"},\"inLanguage\":\"fr-FR\",\"potentialAction\":[{\"@type\":\"ReadAction\",\"target\":[\"https:\/\/pakpolmlawa.pl\/fr\/financement\/\"]}]},{\"@type\":\"ImageObject\",\"inLanguage\":\"fr-FR\",\"@id\":\"https:\/\/pakpolmlawa.pl\/fr\/financement\/#primaryimage\",\"url\":\"https:\/\/pakpolmlawa.pl\/wp-content\/uploads\/2025\/05\/dofinansowanie.png\",\"contentUrl\":\"https:\/\/pakpolmlawa.pl\/wp-content\/uploads\/2025\/05\/dofinansowanie.png\"},{\"@type\":\"BreadcrumbList\",\"@id\":\"https:\/\/pakpolmlawa.pl\/fr\/financement\/#breadcrumb\",\"itemListElement\":[{\"@type\":\"ListItem\",\"position\":1,\"name\":\"Strona g\u0142\u00f3wna\",\"item\":\"https:\/\/pakpolmlawa.pl\/fr\/\"},{\"@type\":\"ListItem\",\"position\":2,\"name\":\"Financement\"}]},{\"@type\":\"WebSite\",\"@id\":\"https:\/\/pakpolmlawa.pl\/fr\/#website\",\"url\":\"https:\/\/pakpolmlawa.pl\/fr\/\",\"name\":\"Pak Pol\",\"description\":\"\",\"publisher\":{\"@id\":\"https:\/\/pakpolmlawa.pl\/fr\/#organization\"},\"potentialAction\":[{\"@type\":\"SearchAction\",\"target\":{\"@type\":\"EntryPoint\",\"urlTemplate\":\"https:\/\/pakpolmlawa.pl\/fr\/?s={search_term_string}\"},\"query-input\":{\"@type\":\"PropertyValueSpecification\",\"valueRequired\":true,\"valueName\":\"search_term_string\"}}],\"inLanguage\":\"fr-FR\"},{\"@type\":\"Organization\",\"@id\":\"https:\/\/pakpolmlawa.pl\/fr\/#organization\",\"name\":\"Pak Pol\",\"url\":\"https:\/\/pakpolmlawa.pl\/fr\/\",\"logo\":{\"@type\":\"ImageObject\",\"inLanguage\":\"fr-FR\",\"@id\":\"https:\/\/pakpolmlawa.pl\/fr\/#\/schema\/logo\/image\/\",\"url\":\"https:\/\/pakpolmlawa.pl\/wp-content\/uploads\/2025\/05\/pakpol-logo-nowe-biale.svg\",\"contentUrl\":\"https:\/\/pakpolmlawa.pl\/wp-content\/uploads\/2025\/05\/pakpol-logo-nowe-biale.svg\",\"caption\":\"Pak Pol\"},\"image\":{\"@id\":\"https:\/\/pakpolmlawa.pl\/fr\/#\/schema\/logo\/image\/\"}}]}<\/script>\n<!-- \/ Yoast SEO plugin. -->","yoast_head_json":{"title":"Financement - Pak Pol","robots":{"index":"index","follow":"follow","max-snippet":"max-snippet:-1","max-image-preview":"max-image-preview:large","max-video-preview":"max-video-preview:-1"},"canonical":"https:\/\/pakpolmlawa.pl\/fr\/financement\/","og_locale":"fr_FR","og_type":"article","og_title":"Financement - Pak Pol","og_description":"PAK-POL \u2013 Bois de Chauffage et Emballages en Bois PAK-POL est une entreprise exp\u00e9riment\u00e9e avec de nombreuses ann\u00e9es d&rsquo;expertise dans l&rsquo;industrie du bois. Notre Offre Nous assurons le transport et la livraison du bois dans toute la Pologne. Nos produits proviennent de for\u00eats certifi\u00e9es, garantissant une qualit\u00e9 sup\u00e9rieure et une origine l\u00e9gale. Coordonn\u00e9es E-mail : [&hellip;]","og_url":"https:\/\/pakpolmlawa.pl\/fr\/financement\/","og_site_name":"Pak Pol","article_modified_time":"2025-05-26T09:27:39+00:00","og_image":[{"width":242,"height":238,"url":"https:\/\/pakpolmlawa.pl\/wp-content\/uploads\/2025\/05\/dofinansowanie.png","type":"image\/png"}],"twitter_card":"summary_large_image","twitter_misc":{"Dur\u00e9e de lecture estim\u00e9e":"3 minutes"},"schema":{"@context":"https:\/\/schema.org","@graph":[{"@type":"WebPage","@id":"https:\/\/pakpolmlawa.pl\/fr\/financement\/","url":"https:\/\/pakpolmlawa.pl\/fr\/financement\/","name":"Financement - Pak Pol","isPartOf":{"@id":"https:\/\/pakpolmlawa.pl\/fr\/#website"},"primaryImageOfPage":{"@id":"https:\/\/pakpolmlawa.pl\/fr\/financement\/#primaryimage"},"image":{"@id":"https:\/\/pakpolmlawa.pl\/fr\/financement\/#primaryimage"},"thumbnailUrl":"https:\/\/pakpolmlawa.pl\/wp-content\/uploads\/2025\/05\/dofinansowanie.png","datePublished":"2025-05-26T07:10:25+00:00","dateModified":"2025-05-26T09:27:39+00:00","breadcrumb":{"@id":"https:\/\/pakpolmlawa.pl\/fr\/financement\/#breadcrumb"},"inLanguage":"fr-FR","potentialAction":[{"@type":"ReadAction","target":["https:\/\/pakpolmlawa.pl\/fr\/financement\/"]}]},{"@type":"ImageObject","inLanguage":"fr-FR","@id":"https:\/\/pakpolmlawa.pl\/fr\/financement\/#primaryimage","url":"https:\/\/pakpolmlawa.pl\/wp-content\/uploads\/2025\/05\/dofinansowanie.png","contentUrl":"https:\/\/pakpolmlawa.pl\/wp-content\/uploads\/2025\/05\/dofinansowanie.png"},{"@type":"BreadcrumbList","@id":"https:\/\/pakpolmlawa.pl\/fr\/financement\/#breadcrumb","itemListElement":[{"@type":"ListItem","position":1,"name":"Strona g\u0142\u00f3wna","item":"https:\/\/pakpolmlawa.pl\/fr\/"},{"@type":"ListItem","position":2,"name":"Financement"}]},{"@type":"WebSite","@id":"https:\/\/pakpolmlawa.pl\/fr\/#website","url":"https:\/\/pakpolmlawa.pl\/fr\/","name":"Pak Pol","description":"","publisher":{"@id":"https:\/\/pakpolmlawa.pl\/fr\/#organization"},"potentialAction":[{"@type":"SearchAction","target":{"@type":"EntryPoint","urlTemplate":"https:\/\/pakpolmlawa.pl\/fr\/?s={search_term_string}"},"query-input":{"@type":"PropertyValueSpecification","valueRequired":true,"valueName":"search_term_string"}}],"inLanguage":"fr-FR"},{"@type":"Organization","@id":"https:\/\/pakpolmlawa.pl\/fr\/#organization","name":"Pak Pol","url":"https:\/\/pakpolmlawa.pl\/fr\/","logo":{"@type":"ImageObject","inLanguage":"fr-FR","@id":"https:\/\/pakpolmlawa.pl\/fr\/#\/schema\/logo\/image\/","url":"https:\/\/pakpolmlawa.pl\/wp-content\/uploads\/2025\/05\/pakpol-logo-nowe-biale.svg","contentUrl":"https:\/\/pakpolmlawa.pl\/wp-content\/uploads\/2025\/05\/pakpol-logo-nowe-biale.svg","caption":"Pak Pol"},"image":{"@id":"https:\/\/pakpolmlawa.pl\/fr\/#\/schema\/logo\/image\/"}}]}},"_links":{"self":[{"href":"https:\/\/pakpolmlawa.pl\/fr\/wp-json\/wp\/v2\/pages\/825","targetHints":{"allow":["GET"]}}],"collection":[{"href":"https:\/\/pakpolmlawa.pl\/fr\/wp-json\/wp\/v2\/pages"}],"about":[{"href":"https:\/\/pakpolmlawa.pl\/fr\/wp-json\/wp\/v2\/types\/page"}],"author":[{"embeddable":true,"href":"https:\/\/pakpolmlawa.pl\/fr\/wp-json\/wp\/v2\/users\/1"}],"replies":[{"embeddable":true,"href":"https:\/\/pakpolmlawa.pl\/fr\/wp-json\/wp\/v2\/comments?post=825"}],"version-history":[{"count":1,"href":"https:\/\/pakpolmlawa.pl\/fr\/wp-json\/wp\/v2\/pages\/825\/revisions"}],"predecessor-version":[{"id":826,"href":"https:\/\/pakpolmlawa.pl\/fr\/wp-json\/wp\/v2\/pages\/825\/revisions\/826"}],"wp:attachment":[{"href":"https:\/\/pakpolmlawa.pl\/fr\/wp-json\/wp\/v2\/media?parent=825"}],"curies":[{"name":"wp","href":"https:\/\/api.w.org\/{rel}","templated":true}]}}