{"id":827,"date":"2025-05-26T09:10:25","date_gmt":"2025-05-26T07:10:25","guid":{"rendered":"https:\/\/pakpolmlawa.pl\/?page_id=827"},"modified":"2025-05-26T11:29:16","modified_gmt":"2025-05-26T09:29:16","slug":"finanzierung","status":"publish","type":"page","link":"https:\/\/pakpolmlawa.pl\/de\/finanzierung\/","title":{"rendered":"Finanzierung"},"content":{"rendered":"\n<figure class=\"wp-block-image size-full\"><img loading=\"lazy\" decoding=\"async\" width=\"242\" height=\"238\" src=\"https:\/\/pakpolmlawa.pl\/wp-content\/uploads\/2025\/05\/dofinansowanie.png\" alt=\"\" class=\"wp-image-803\"\/><\/figure>\n\n\n\n<h3 class=\"wp-block-heading\"><strong>PAK-POL \u2013 Brennholz und Holzverpackungen<\/strong><\/h3>\n\n\n\n<p><strong>PAK-POL<\/strong> ist ein erfahrenes Unternehmen mit langj\u00e4hriger Expertise in der Holzbranche.<\/p>\n\n\n\n<h3 class=\"wp-block-heading\"><strong>Unser Verkaufsangebot<\/strong><\/h3>\n\n\n\n<ul class=\"wp-block-list\">\n<li>Rundholz<\/li>\n\n\n\n<li>Holzpaletten<\/li>\n\n\n\n<li>Rinde<\/li>\n\n\n\n<li>Holzschnitzel f\u00fcr die Papierindustrie<\/li>\n\n\n\n<li>Biomasse<\/li>\n<\/ul>\n\n\n\n<p><strong>Lieferung und Transport von Holz in ganz Polen.<\/strong><\/p>\n\n\n\n<p>Unsere Produkte stammen aus zertifizierten W\u00e4ldern \u2013 das garantiert h\u00f6chste Qualit\u00e4t und legale Herkunft.<\/p>\n\n\n\n<h3 class=\"wp-block-heading\"><strong>Kontakt<\/strong><\/h3>\n\n\n\n<p><strong>E-Mail:<\/strong> <a>biuro@pakpolmlawa.pl<\/a><br><strong>Telefon:<\/strong> +48 798 368 493<\/p>\n\n\n\n<figure class=\"wp-block-image size-large\"><img loading=\"lazy\" decoding=\"async\" width=\"1024\" height=\"152\" src=\"https:\/\/pakpolmlawa.pl\/wp-content\/uploads\/2025\/05\/baner1-1024x152.png\" alt=\"\" class=\"wp-image-799\" srcset=\"https:\/\/pakpolmlawa.pl\/wp-content\/uploads\/2025\/05\/baner1-1024x152.png 1024w, https:\/\/pakpolmlawa.pl\/wp-content\/uploads\/2025\/05\/baner1-450x67.png 450w, https:\/\/pakpolmlawa.pl\/wp-content\/uploads\/2025\/05\/baner1-768x114.png 768w, https:\/\/pakpolmlawa.pl\/wp-content\/uploads\/2025\/05\/baner1.png 1237w\" sizes=\"auto, (max-width: 1024px) 100vw, 1024px\" \/><\/figure>\n\n\n\n<h3 class=\"wp-block-heading\"><strong>MARTA MIZERSKA PPHU &#8222;PAK-POL&#8220;<\/strong><\/h3>\n\n\n\n<p>f\u00fchrt ein Projekt durch, das aus den <strong>Europ\u00e4ischen Fonds f\u00fcr Ostpolen 2021\u20132027<\/strong> kofinanziert wird.<br><strong>Priorit\u00e4t:<\/strong> Unternehmertum und Innovation<br><strong>Ma\u00dfnahme:<\/strong> Automatisierung und Robotisierung in KMU<\/p>\n\n\n\n<p><strong>Projekttitel:<\/strong><br>\u201eAutomatisierung und Robotisierung technologischer Prozesse, des Transports und der Lagerung im Unternehmen PAK-POL\u201c<\/p>\n\n\n\n<h3 class=\"wp-block-heading\"><strong>Projektziel<\/strong><\/h3>\n\n\n\n<p>Ziel des Projekts ist die Umsetzung von L\u00f6sungen, die das Unternehmen <strong>MARTA MIZERSKA PPHU &#8222;PAK-POL&#8220;<\/strong> in Richtung Industrie 4.0 transformieren.<\/p>\n\n\n\n<h3 class=\"wp-block-heading\"><strong>Projektma\u00dfnahmen<\/strong><\/h3>\n\n\n\n<ul class=\"wp-block-list\">\n<li>Anschaffung einer Sortieranlage f\u00fcr Rohstoffe mit Entrindungseinheit<\/li>\n\n\n\n<li>Anschaffung eines Roboter-Manipulators zum Drehen und Abnehmen von Fertigprodukten<\/li>\n<\/ul>\n\n\n\n<h3 class=\"wp-block-heading\"><strong>Zielgruppen<\/strong><\/h3>\n\n\n\n<ul class=\"wp-block-list\">\n<li>Hersteller von Holzelementen<\/li>\n\n\n\n<li>Unternehmen der Papierindustrie<\/li>\n\n\n\n<li>Betriebe, die Holzverpackungen in der Logistik und im Warentransport nutzen<\/li>\n\n\n\n<li>Unternehmen aus dem Gartenbausektor<\/li>\n<\/ul>\n\n\n\n<h3 class=\"wp-block-heading\"><strong>Geplante Ergebnisse<\/strong><\/h3>\n\n\n\n<ul class=\"wp-block-list\">\n<li>Optimierung der Produktionsprozesse f\u00fcr maximale Effizienz, Flexibilit\u00e4t und Wertsch\u00f6pfung durch Maschinenbediener<\/li>\n\n\n\n<li>Umsatz- und Gewinnsteigerung<\/li>\n\n\n\n<li>Senkung der Produktionskosten pro Einheit<\/li>\n\n\n\n<li>Verk\u00fcrzung der Produktions- und Auftragsabwicklungszeiten<\/li>\n\n\n\n<li>Einf\u00fchrung neuer Produkte ins Sortiment<\/li>\n<\/ul>\n\n\n\n<h3 class=\"wp-block-heading\"><strong>Projektlaufzeit<\/strong><\/h3>\n\n\n\n<p><strong>Beginn:<\/strong> 09.11.2023<br><strong>Ende:<\/strong> 31.05.2025<\/p>\n\n\n\n<h3 class=\"wp-block-heading\"><strong>Projektwert<\/strong><\/h3>\n\n\n\n<p><strong>Gesamtwert:<\/strong> 2.278.575,00 PLN<br><strong>F\u00f6rderbetrag:<\/strong> 1.114.500,00 PLN<\/p>\n\n\n\n<p><strong>#EUF\u00f6rdermittel #Europ\u00e4ischeFonds<\/strong><\/p>\n","protected":false},"excerpt":{"rendered":"<p>PAK-POL \u2013 Brennholz und Holzverpackungen PAK-POL ist ein erfahrenes Unternehmen mit langj\u00e4hriger Expertise in der Holzbranche. Unser Verkaufsangebot Lieferung und Transport von Holz in ganz Polen. Unsere Produkte stammen aus zertifizierten W\u00e4ldern \u2013 das garantiert h\u00f6chste Qualit\u00e4t und legale Herkunft. Kontakt E-Mail: biuro@pakpolmlawa.plTelefon: +48 798 368 493 MARTA MIZERSKA PPHU &#8222;PAK-POL&#8220; f\u00fchrt ein Projekt durch, [&hellip;]<\/p>\n","protected":false},"author":1,"featured_media":0,"parent":0,"menu_order":0,"comment_status":"closed","ping_status":"closed","template":"","meta":{"_acf_changed":false,"footnotes":""},"class_list":["post-827","page","type-page","status-publish","hentry"],"acf":[],"yoast_head":"<!-- This site is optimized with the Yoast SEO plugin v27.2 - https:\/\/yoast.com\/product\/yoast-seo-wordpress\/ -->\n<title>Finanzierung - Pak Pol<\/title>\n<meta name=\"robots\" content=\"index, follow, max-snippet:-1, max-image-preview:large, max-video-preview:-1\" \/>\n<link rel=\"canonical\" href=\"https:\/\/pakpolmlawa.pl\/de\/finanzierung\/\" \/>\n<meta property=\"og:locale\" content=\"de_DE\" \/>\n<meta property=\"og:type\" content=\"article\" \/>\n<meta property=\"og:title\" content=\"Finanzierung - Pak Pol\" \/>\n<meta property=\"og:description\" content=\"PAK-POL \u2013 Brennholz und Holzverpackungen PAK-POL ist ein erfahrenes Unternehmen mit langj\u00e4hriger Expertise in der Holzbranche. Unser Verkaufsangebot Lieferung und Transport von Holz in ganz Polen. Unsere Produkte stammen aus zertifizierten W\u00e4ldern \u2013 das garantiert h\u00f6chste Qualit\u00e4t und legale Herkunft. Kontakt E-Mail: biuro@pakpolmlawa.plTelefon: +48 798 368 493 MARTA MIZERSKA PPHU &#8222;PAK-POL&#8220; f\u00fchrt ein Projekt durch, [&hellip;]\" \/>\n<meta property=\"og:url\" content=\"https:\/\/pakpolmlawa.pl\/de\/finanzierung\/\" \/>\n<meta property=\"og:site_name\" content=\"Pak Pol\" \/>\n<meta property=\"article:modified_time\" content=\"2025-05-26T09:29:16+00:00\" \/>\n<meta property=\"og:image\" content=\"https:\/\/pakpolmlawa.pl\/wp-content\/uploads\/2025\/05\/dofinansowanie.png\" \/>\n\t<meta property=\"og:image:width\" content=\"242\" \/>\n\t<meta property=\"og:image:height\" content=\"238\" \/>\n\t<meta property=\"og:image:type\" content=\"image\/png\" \/>\n<meta name=\"twitter:card\" content=\"summary_large_image\" \/>\n<meta name=\"twitter:label1\" content=\"Gesch\u00e4tzte Lesezeit\" \/>\n\t<meta name=\"twitter:data1\" content=\"2\u00a0Minute\" \/>\n<script type=\"application\/ld+json\" class=\"yoast-schema-graph\">{\"@context\":\"https:\/\/schema.org\",\"@graph\":[{\"@type\":\"WebPage\",\"@id\":\"https:\/\/pakpolmlawa.pl\/de\/finanzierung\/\",\"url\":\"https:\/\/pakpolmlawa.pl\/de\/finanzierung\/\",\"name\":\"Finanzierung - Pak Pol\",\"isPartOf\":{\"@id\":\"https:\/\/pakpolmlawa.pl\/de\/#website\"},\"primaryImageOfPage\":{\"@id\":\"https:\/\/pakpolmlawa.pl\/de\/finanzierung\/#primaryimage\"},\"image\":{\"@id\":\"https:\/\/pakpolmlawa.pl\/de\/finanzierung\/#primaryimage\"},\"thumbnailUrl\":\"https:\/\/pakpolmlawa.pl\/wp-content\/uploads\/2025\/05\/dofinansowanie.png\",\"datePublished\":\"2025-05-26T07:10:25+00:00\",\"dateModified\":\"2025-05-26T09:29:16+00:00\",\"breadcrumb\":{\"@id\":\"https:\/\/pakpolmlawa.pl\/de\/finanzierung\/#breadcrumb\"},\"inLanguage\":\"de\",\"potentialAction\":[{\"@type\":\"ReadAction\",\"target\":[\"https:\/\/pakpolmlawa.pl\/de\/finanzierung\/\"]}]},{\"@type\":\"ImageObject\",\"inLanguage\":\"de\",\"@id\":\"https:\/\/pakpolmlawa.pl\/de\/finanzierung\/#primaryimage\",\"url\":\"https:\/\/pakpolmlawa.pl\/wp-content\/uploads\/2025\/05\/dofinansowanie.png\",\"contentUrl\":\"https:\/\/pakpolmlawa.pl\/wp-content\/uploads\/2025\/05\/dofinansowanie.png\"},{\"@type\":\"BreadcrumbList\",\"@id\":\"https:\/\/pakpolmlawa.pl\/de\/finanzierung\/#breadcrumb\",\"itemListElement\":[{\"@type\":\"ListItem\",\"position\":1,\"name\":\"Strona g\u0142\u00f3wna\",\"item\":\"https:\/\/pakpolmlawa.pl\/de\/\"},{\"@type\":\"ListItem\",\"position\":2,\"name\":\"Finanzierung\"}]},{\"@type\":\"WebSite\",\"@id\":\"https:\/\/pakpolmlawa.pl\/de\/#website\",\"url\":\"https:\/\/pakpolmlawa.pl\/de\/\",\"name\":\"Pak Pol\",\"description\":\"\",\"publisher\":{\"@id\":\"https:\/\/pakpolmlawa.pl\/de\/#organization\"},\"potentialAction\":[{\"@type\":\"SearchAction\",\"target\":{\"@type\":\"EntryPoint\",\"urlTemplate\":\"https:\/\/pakpolmlawa.pl\/de\/?s={search_term_string}\"},\"query-input\":{\"@type\":\"PropertyValueSpecification\",\"valueRequired\":true,\"valueName\":\"search_term_string\"}}],\"inLanguage\":\"de\"},{\"@type\":\"Organization\",\"@id\":\"https:\/\/pakpolmlawa.pl\/de\/#organization\",\"name\":\"Pak Pol\",\"url\":\"https:\/\/pakpolmlawa.pl\/de\/\",\"logo\":{\"@type\":\"ImageObject\",\"inLanguage\":\"de\",\"@id\":\"https:\/\/pakpolmlawa.pl\/de\/#\/schema\/logo\/image\/\",\"url\":\"https:\/\/pakpolmlawa.pl\/wp-content\/uploads\/2025\/05\/pakpol-logo-nowe-biale.svg\",\"contentUrl\":\"https:\/\/pakpolmlawa.pl\/wp-content\/uploads\/2025\/05\/pakpol-logo-nowe-biale.svg\",\"caption\":\"Pak Pol\"},\"image\":{\"@id\":\"https:\/\/pakpolmlawa.pl\/de\/#\/schema\/logo\/image\/\"}}]}<\/script>\n<!-- \/ Yoast SEO plugin. -->","yoast_head_json":{"title":"Finanzierung - Pak Pol","robots":{"index":"index","follow":"follow","max-snippet":"max-snippet:-1","max-image-preview":"max-image-preview:large","max-video-preview":"max-video-preview:-1"},"canonical":"https:\/\/pakpolmlawa.pl\/de\/finanzierung\/","og_locale":"de_DE","og_type":"article","og_title":"Finanzierung - Pak Pol","og_description":"PAK-POL \u2013 Brennholz und Holzverpackungen PAK-POL ist ein erfahrenes Unternehmen mit langj\u00e4hriger Expertise in der Holzbranche. Unser Verkaufsangebot Lieferung und Transport von Holz in ganz Polen. Unsere Produkte stammen aus zertifizierten W\u00e4ldern \u2013 das garantiert h\u00f6chste Qualit\u00e4t und legale Herkunft. Kontakt E-Mail: biuro@pakpolmlawa.plTelefon: +48 798 368 493 MARTA MIZERSKA PPHU &#8222;PAK-POL&#8220; f\u00fchrt ein Projekt durch, [&hellip;]","og_url":"https:\/\/pakpolmlawa.pl\/de\/finanzierung\/","og_site_name":"Pak Pol","article_modified_time":"2025-05-26T09:29:16+00:00","og_image":[{"width":242,"height":238,"url":"https:\/\/pakpolmlawa.pl\/wp-content\/uploads\/2025\/05\/dofinansowanie.png","type":"image\/png"}],"twitter_card":"summary_large_image","twitter_misc":{"Gesch\u00e4tzte Lesezeit":"2\u00a0Minute"},"schema":{"@context":"https:\/\/schema.org","@graph":[{"@type":"WebPage","@id":"https:\/\/pakpolmlawa.pl\/de\/finanzierung\/","url":"https:\/\/pakpolmlawa.pl\/de\/finanzierung\/","name":"Finanzierung - Pak Pol","isPartOf":{"@id":"https:\/\/pakpolmlawa.pl\/de\/#website"},"primaryImageOfPage":{"@id":"https:\/\/pakpolmlawa.pl\/de\/finanzierung\/#primaryimage"},"image":{"@id":"https:\/\/pakpolmlawa.pl\/de\/finanzierung\/#primaryimage"},"thumbnailUrl":"https:\/\/pakpolmlawa.pl\/wp-content\/uploads\/2025\/05\/dofinansowanie.png","datePublished":"2025-05-26T07:10:25+00:00","dateModified":"2025-05-26T09:29:16+00:00","breadcrumb":{"@id":"https:\/\/pakpolmlawa.pl\/de\/finanzierung\/#breadcrumb"},"inLanguage":"de","potentialAction":[{"@type":"ReadAction","target":["https:\/\/pakpolmlawa.pl\/de\/finanzierung\/"]}]},{"@type":"ImageObject","inLanguage":"de","@id":"https:\/\/pakpolmlawa.pl\/de\/finanzierung\/#primaryimage","url":"https:\/\/pakpolmlawa.pl\/wp-content\/uploads\/2025\/05\/dofinansowanie.png","contentUrl":"https:\/\/pakpolmlawa.pl\/wp-content\/uploads\/2025\/05\/dofinansowanie.png"},{"@type":"BreadcrumbList","@id":"https:\/\/pakpolmlawa.pl\/de\/finanzierung\/#breadcrumb","itemListElement":[{"@type":"ListItem","position":1,"name":"Strona g\u0142\u00f3wna","item":"https:\/\/pakpolmlawa.pl\/de\/"},{"@type":"ListItem","position":2,"name":"Finanzierung"}]},{"@type":"WebSite","@id":"https:\/\/pakpolmlawa.pl\/de\/#website","url":"https:\/\/pakpolmlawa.pl\/de\/","name":"Pak Pol","description":"","publisher":{"@id":"https:\/\/pakpolmlawa.pl\/de\/#organization"},"potentialAction":[{"@type":"SearchAction","target":{"@type":"EntryPoint","urlTemplate":"https:\/\/pakpolmlawa.pl\/de\/?s={search_term_string}"},"query-input":{"@type":"PropertyValueSpecification","valueRequired":true,"valueName":"search_term_string"}}],"inLanguage":"de"},{"@type":"Organization","@id":"https:\/\/pakpolmlawa.pl\/de\/#organization","name":"Pak Pol","url":"https:\/\/pakpolmlawa.pl\/de\/","logo":{"@type":"ImageObject","inLanguage":"de","@id":"https:\/\/pakpolmlawa.pl\/de\/#\/schema\/logo\/image\/","url":"https:\/\/pakpolmlawa.pl\/wp-content\/uploads\/2025\/05\/pakpol-logo-nowe-biale.svg","contentUrl":"https:\/\/pakpolmlawa.pl\/wp-content\/uploads\/2025\/05\/pakpol-logo-nowe-biale.svg","caption":"Pak Pol"},"image":{"@id":"https:\/\/pakpolmlawa.pl\/de\/#\/schema\/logo\/image\/"}}]}},"_links":{"self":[{"href":"https:\/\/pakpolmlawa.pl\/de\/wp-json\/wp\/v2\/pages\/827","targetHints":{"allow":["GET"]}}],"collection":[{"href":"https:\/\/pakpolmlawa.pl\/de\/wp-json\/wp\/v2\/pages"}],"about":[{"href":"https:\/\/pakpolmlawa.pl\/de\/wp-json\/wp\/v2\/types\/page"}],"author":[{"embeddable":true,"href":"https:\/\/pakpolmlawa.pl\/de\/wp-json\/wp\/v2\/users\/1"}],"replies":[{"embeddable":true,"href":"https:\/\/pakpolmlawa.pl\/de\/wp-json\/wp\/v2\/comments?post=827"}],"version-history":[{"count":1,"href":"https:\/\/pakpolmlawa.pl\/de\/wp-json\/wp\/v2\/pages\/827\/revisions"}],"predecessor-version":[{"id":828,"href":"https:\/\/pakpolmlawa.pl\/de\/wp-json\/wp\/v2\/pages\/827\/revisions\/828"}],"wp:attachment":[{"href":"https:\/\/pakpolmlawa.pl\/de\/wp-json\/wp\/v2\/media?parent=827"}],"curies":[{"name":"wp","href":"https:\/\/api.w.org\/{rel}","templated":true}]}}